{"id":14191,"date":"2017-05-26T12:18:07","date_gmt":"2017-05-26T12:18:07","guid":{"rendered":"http:\/\/a-desk.org\/nosotros\/"},"modified":"2026-01-20T12:31:36","modified_gmt":"2026-01-20T11:31:36","slug":"nosaltres","status":"publish","type":"page","link":"https:\/\/a-desk.org\/ca\/nosaltres\/","title":{"rendered":"Nosaltres"},"content":{"rendered":"<p><iframe loading=\"lazy\" src=\"https:\/\/www.youtube.com\/embed\/AEZqcB-OO_0\" width=\"560\" height=\"315\" frameborder=\"0\" allowfullscreen=\"allowfullscreen\"><\/iframe><\/p>\n<p>&nbsp;<\/p>\n<h2>A*DESK: Institut Internacional i Independent de Cr\u00edtica i Art Contemporani<\/h2>\n<p><strong>A*DESK <\/strong>\u00e9s una plataforma internacional amb seu a Barcelona dedicada a la cr\u00edtica d&#8217;art contemporani, la formaci\u00f3 cultural i la difusi\u00f3 del pensament cr\u00edtic. Fundat el 2002, el nostre institut treballa per impulsar el debat sobre l&#8217;art i la cultura contempor\u00e0nia des d&#8217;una perspectiva transversal, independent i global.<\/p>\n<p>La nostra missi\u00f3 \u00e9s reivindicar el valor del pensament cr\u00edtic i fomentar el di\u00e0leg entre disciplines per comprendre els reptes socials, culturals i art\u00edstics del nostre present.<\/p>\n<p>Dirigit per <strong>Montse Badia (cofundadora)<\/strong> i\u00a0<strong>Mar\u00eda Mu\u00f1oz (redactora en cap) <\/strong>, A*DESK opera amb un model obert i flexible. Cada mes convida editors\/es amb total llibertat per definir continguts, ampliant veus, estimulant noves perspectives i obrint un espai actiu d&#8217;experimentaci\u00f3, treball col\u00b7lectiu i reflexi\u00f3 compartida.<\/p>\n<p><strong><a href=\"https:\/\/a-desk.org\/contacto\/\" target=\"_blank\" rel=\"noopener noreferrer\">Contactan&#8217;s<\/a><\/strong> <strong>per con\u00e8ixer m\u00e9s sobre els nostres programes i activitats.<\/strong><\/p>\n<h2>Qu\u00e8 fem a A*DESK?<\/h2>\n<ul>\n<li>\n<h3>Edici\u00f3 i cr\u00edtica d&#8217;art contemporani<\/h3>\n<p>Publiquem articles, assaigs i monogr\u00e0fics sobre art i cultura contempor\u00e0nia, abordant temes de rellev\u00e0ncia actual i recuperant tamb\u00e9 perspectives hist\u00f2riques.<\/li>\n<li>\n<h3>Formaci\u00f3 i estudis avan\u00e7ats<\/h3>\n<p>Des de tallers internacionals fins a programes especialitzats en art contemporani i pensament cr\u00edtic oferim un espai d&#8217;aprenentatge i professionalitzaci\u00f3.<\/li>\n<li>\n<h3>Difusi\u00f3 cultural i comunicaci\u00f3<\/h3>\n<p>Amb la nostra agenda setmanal donem visibilitat als principals esdeveniments culturals de la ciutat i promovem projectes de recerca, seminaris, cursos i programes audiovisuals.<\/li>\n<li>\n<h3>Experimentaci\u00f3 i col\u00b7laboraci\u00f3<\/h3>\n<p>Incorporem noves disciplines i formats digitals \u2013entrevistes, v\u00eddeos, galeries fotogr\u00e0fiques\u2013 per enriquir la conversa art\u00edstica.<\/li>\n<\/ul>\n<p>Consulta la nostra <span style=\"color: #0000ff;\"><strong><a style=\"color: #0000ff;\" href=\"https:\/\/a-desk.org\/agenda\/mes\/\" target=\"_blank\" rel=\"noopener noreferrer\">agenda cultural<\/a> <\/strong><\/span>per a no perdre&#8217;t les novetats.<\/p>\n<h2>Hist\u00f2ria d&#8217;A*DESK<\/h2>\n<h3>Els inicis (2002 \u2013 2006)<\/h3>\n<p>Fundat a Barcelona per <strong>Montse Badia<\/strong> i altres professionals de la cr\u00edtica el 2002, A*DESK va n\u00e9ixer com una publicaci\u00f3 digital centrada en la reflexi\u00f3 cr\u00edtica i el comissariat d&#8217;art. Durant els primers anys, va reunir un fons documental d&#8217;articles realitzats per professionals destacats del sector.<\/p>\n<p><img decoding=\"async\" class=\"aligncenter\" src=\"http:\/\/a-desk.org\/wp-content\/uploads\/2017\/05\/a-desk-instituto.jpg\" \/><\/p>\n<h3>Expansi\u00f3 internacional i formaci\u00f3 (2006 \u2013 2009)<\/h3>\n<p>Amb el rellan\u00e7ament del 2006, la revista va ampliar el seu enfocament, integrant cr\u00edtica i opini\u00f3 sobre art contemporani en un sentit m\u00e9s ampli. El 2007 van comen\u00e7ar els primers tallers internacionals a ciutats com Recife, Lima, Madrid i Santiago de Compostel\u00b7la, fomentant la participaci\u00f3 de noves generacions.<\/p>\n<h3>Consolidaci\u00f3 com a institut independent (2009 \u2013 2014)<\/h3>\n<p>El 2009, <strong>A*DESK <\/strong>es va constituir com a Institut Independent de Cr\u00edtica i Art Contemporani. Des de Barcelona, \u200b\u200benfortim la nostra tasca editorial i formativa, desenvolupant projectes innovadors i expandint les nostres l\u00ednies de comunicaci\u00f3 digital.<\/p>\n<h3>Evoluci\u00f3 recent (2014 \u2013 actualitat)<\/h3>\n<p>Amb una junta renovada, <strong>A*DESK<\/strong> va refor\u00e7ar la cr\u00edtica en profunditat i va ampliar la seva comunitat de col\u00b7laboradors, incorporant noves seccions com Spotlight el 2017 i establint aliances amb institucions acad\u00e8miques com la Universitat de Barcelona i la UAB per a la traducci\u00f3 i difusi\u00f3 de continguts.<\/p>\n<p><img decoding=\"async\" class=\"aligncenter\" src=\"http:\/\/a-desk.org\/wp-content\/uploads\/2017\/05\/a-desk-equipo.jpg\" \/><\/p>\n<h2>Reconeixement i Col\u00b7laboracions<\/h2>\n<p>La traject\u00f2ria d<strong>&#8216;A*DESK<\/strong> ha estat reconeguda amb premis i nominacions rellevants:<\/p>\n<ul>\n<li>Premi GAC 2010<\/li>\n<li>Finalista dels Premis IMPULSA 2021<\/li>\n<li>Finalista dels Premis ACCA 2022 (Projectes i Iniciativas Art\u00edstiques)<\/li>\n<\/ul>\n<p>El nostre equip compta amb la col\u00b7laboraci\u00f3 de traductors, cr\u00edtics i comiss\u00e0ries internacionals, consolidant A*DESK com un referent global en cr\u00edtica d&#8217;art contemporani.<\/p>\n<h2>Uneix-te a la nostra comunitat cr\u00edtica<\/h2>\n<p>A <strong>A*DESK <\/strong>creiem que l&#8217;art contemporani \u00e9s un motor de pensament cr\u00edtic i de transformaci\u00f3 social. Et convidem a formar part de les nostres activitats, ja sigui com a lector\/a o col\u00b7laborador\/a.<\/p>\n<p>Vols participar als nostres tallers, seminaris o projectes?<\/p>\n<p><span style=\"color: #0000ff;\"><strong><a style=\"color: #0000ff;\" href=\"https:\/\/a-desk.org\/ca\/\" target=\"_blank\" rel=\"noopener noreferrer\">Escriu-nos aqu\u00ed<\/a><\/strong><\/span><\/p>\n<h3>A*DESK<\/h3>\n<p><strong>A*DESK<\/strong> \u00e9s un Institut Internacional de Cr\u00edtica i Art Contemporani amb seu a Barcelona. Des de 2002 treballem en l&#8217;edici\u00f3, formaci\u00f3, difusi\u00f3 cultural i pensament cr\u00edtic a nivell global.<\/p>\n<p><span style=\"color: #0000ff;\"><strong><a style=\"color: #0000ff;\" href=\"https:\/\/a-desk.org\/ca\/\">Descubre m\u00e9s sobre la plataforma<\/a><\/strong><\/span><\/p>\n","protected":false},"excerpt":{"rendered":"<p>&nbsp; A*DESK: Institut Internacional i Independent de Cr\u00edtica i Art Contemporani A*DESK \u00e9s una plataforma internacional amb seu a Barcelona dedicada a la cr\u00edtica d&#8217;art contemporani, la formaci\u00f3 cultural i&#8230;<\/p>\n","protected":false},"author":1,"featured_media":17507,"parent":0,"menu_order":0,"comment_status":"closed","ping_status":"closed","template":"","meta":{"_relevanssi_hide_post":"","_relevanssi_hide_content":"","_relevanssi_pin_for_all":"","_relevanssi_pin_keywords":"","_relevanssi_unpin_keywords":"","_relevanssi_related_keywords":"","_relevanssi_related_include_ids":"","_relevanssi_related_exclude_ids":"","_relevanssi_related_no_append":"","_relevanssi_related_not_related":"","_relevanssi_related_posts":"","_relevanssi_noindex_reason":"","footnotes":""},"coauthors":[6365],"acf":[],"yoast_head":"<!-- This site is optimized with the Yoast SEO plugin v22.6 - https:\/\/yoast.com\/wordpress\/plugins\/seo\/ -->\n<title>Art Contemporani Barcelona Pensament cr\u00edtic<\/title>\n<meta name=\"description\" content=\"Plataforma cr\u00edtica\u00a0centrada en edici\u00f3, formaci\u00f3, experimentaci\u00f3, comunicaci\u00f3 i difusi\u00f3 en relaci\u00f3 a la cultura i l&#039;art contemporani.\" \/>\n<meta name=\"robots\" content=\"index, follow, max-snippet:-1, max-image-preview:large, max-video-preview:-1\" \/>\n<link rel=\"canonical\" href=\"https:\/\/a-desk.org\/ca\/nosaltres\/\" \/>\n<meta property=\"og:locale\" content=\"ca_ES\" \/>\n<meta property=\"og:type\" content=\"article\" \/>\n<meta property=\"og:title\" content=\"Art Contemporani Barcelona Pensament cr\u00edtic\" \/>\n<meta property=\"og:description\" content=\"Plataforma cr\u00edtica\u00a0centrada en edici\u00f3, formaci\u00f3, experimentaci\u00f3, comunicaci\u00f3 i difusi\u00f3 en relaci\u00f3 a la cultura i l&#039;art contemporani.\" \/>\n<meta property=\"og:url\" content=\"https:\/\/a-desk.org\/ca\/nosaltres\/\" \/>\n<meta property=\"og:site_name\" content=\"A*Desk\" \/>\n<meta property=\"article:modified_time\" content=\"2026-01-20T11:31:36+00:00\" \/>\n<meta property=\"og:image\" content=\"http:\/\/a-desk.org\/wp-content\/uploads\/2017\/05\/a-desk-1.jpg\" \/>\n\t<meta property=\"og:image:width\" content=\"775\" \/>\n\t<meta property=\"og:image:height\" content=\"358\" \/>\n\t<meta property=\"og:image:type\" content=\"image\/jpeg\" \/>\n<meta name=\"twitter:card\" content=\"summary_large_image\" \/>\n<meta name=\"twitter:label1\" content=\"Temps estimat de lectura\" \/>\n\t<meta name=\"twitter:data1\" content=\"4 minuts\" \/>\n\t<meta name=\"twitter:label2\" content=\"Written by\" \/>\n\t<meta name=\"twitter:data2\" content=\"Telma Llos\" \/>\n<script type=\"application\/ld+json\" class=\"yoast-schema-graph\">{\"@context\":\"https:\/\/schema.org\",\"@graph\":[{\"@type\":\"WebPage\",\"@id\":\"https:\/\/a-desk.org\/ca\/nosaltres\/\",\"url\":\"https:\/\/a-desk.org\/ca\/nosaltres\/\",\"name\":\"Art Contemporani Barcelona Pensament cr\u00edtic\",\"isPartOf\":{\"@id\":\"https:\/\/a-desk.org\/#website\"},\"primaryImageOfPage\":{\"@id\":\"https:\/\/a-desk.org\/ca\/nosaltres\/#primaryimage\"},\"image\":{\"@id\":\"https:\/\/a-desk.org\/ca\/nosaltres\/#primaryimage\"},\"thumbnailUrl\":\"https:\/\/a-desk.org\/wp-content\/uploads\/2017\/05\/a-desk-1.jpg\",\"datePublished\":\"2017-05-26T12:18:07+00:00\",\"dateModified\":\"2026-01-20T11:31:36+00:00\",\"description\":\"Plataforma cr\u00edtica\u00a0centrada en edici\u00f3, formaci\u00f3, experimentaci\u00f3, comunicaci\u00f3 i difusi\u00f3 en relaci\u00f3 a la cultura i l'art contemporani.\",\"breadcrumb\":{\"@id\":\"https:\/\/a-desk.org\/ca\/nosaltres\/#breadcrumb\"},\"inLanguage\":\"ca\",\"potentialAction\":[{\"@type\":\"ReadAction\",\"target\":[\"https:\/\/a-desk.org\/ca\/nosaltres\/\"]}]},{\"@type\":\"ImageObject\",\"inLanguage\":\"ca\",\"@id\":\"https:\/\/a-desk.org\/ca\/nosaltres\/#primaryimage\",\"url\":\"https:\/\/a-desk.org\/wp-content\/uploads\/2017\/05\/a-desk-1.jpg\",\"contentUrl\":\"https:\/\/a-desk.org\/wp-content\/uploads\/2017\/05\/a-desk-1.jpg\",\"width\":775,\"height\":358},{\"@type\":\"BreadcrumbList\",\"@id\":\"https:\/\/a-desk.org\/ca\/nosaltres\/#breadcrumb\",\"itemListElement\":[{\"@type\":\"ListItem\",\"position\":1,\"name\":\"Portada\",\"item\":\"https:\/\/a-desk.org\/ca\/\"},{\"@type\":\"ListItem\",\"position\":2,\"name\":\"Nosaltres\"}]},{\"@type\":\"WebSite\",\"@id\":\"https:\/\/a-desk.org\/#website\",\"url\":\"https:\/\/a-desk.org\/\",\"name\":\"A*Desk\",\"description\":\"A*Desk Critical Thinking\",\"potentialAction\":[{\"@type\":\"SearchAction\",\"target\":{\"@type\":\"EntryPoint\",\"urlTemplate\":\"https:\/\/a-desk.org\/?s={search_term_string}\"},\"query-input\":\"required name=search_term_string\"}],\"inLanguage\":\"ca\"}]}<\/script>\n<!-- \/ Yoast SEO plugin. -->","yoast_head_json":{"title":"Art Contemporani Barcelona Pensament cr\u00edtic","description":"Plataforma cr\u00edtica\u00a0centrada en edici\u00f3, formaci\u00f3, experimentaci\u00f3, comunicaci\u00f3 i difusi\u00f3 en relaci\u00f3 a la cultura i l'art contemporani.","robots":{"index":"index","follow":"follow","max-snippet":"max-snippet:-1","max-image-preview":"max-image-preview:large","max-video-preview":"max-video-preview:-1"},"canonical":"https:\/\/a-desk.org\/ca\/nosaltres\/","og_locale":"ca_ES","og_type":"article","og_title":"Art Contemporani Barcelona Pensament cr\u00edtic","og_description":"Plataforma cr\u00edtica\u00a0centrada en edici\u00f3, formaci\u00f3, experimentaci\u00f3, comunicaci\u00f3 i difusi\u00f3 en relaci\u00f3 a la cultura i l'art contemporani.","og_url":"https:\/\/a-desk.org\/ca\/nosaltres\/","og_site_name":"A*Desk","article_modified_time":"2026-01-20T11:31:36+00:00","og_image":[{"width":775,"height":358,"url":"http:\/\/a-desk.org\/wp-content\/uploads\/2017\/05\/a-desk-1.jpg","type":"image\/jpeg"}],"twitter_card":"summary_large_image","twitter_misc":{"Temps estimat de lectura":"4 minuts","Written by":"Telma Llos"},"schema":{"@context":"https:\/\/schema.org","@graph":[{"@type":"WebPage","@id":"https:\/\/a-desk.org\/ca\/nosaltres\/","url":"https:\/\/a-desk.org\/ca\/nosaltres\/","name":"Art Contemporani Barcelona Pensament cr\u00edtic","isPartOf":{"@id":"https:\/\/a-desk.org\/#website"},"primaryImageOfPage":{"@id":"https:\/\/a-desk.org\/ca\/nosaltres\/#primaryimage"},"image":{"@id":"https:\/\/a-desk.org\/ca\/nosaltres\/#primaryimage"},"thumbnailUrl":"https:\/\/a-desk.org\/wp-content\/uploads\/2017\/05\/a-desk-1.jpg","datePublished":"2017-05-26T12:18:07+00:00","dateModified":"2026-01-20T11:31:36+00:00","description":"Plataforma cr\u00edtica\u00a0centrada en edici\u00f3, formaci\u00f3, experimentaci\u00f3, comunicaci\u00f3 i difusi\u00f3 en relaci\u00f3 a la cultura i l'art contemporani.","breadcrumb":{"@id":"https:\/\/a-desk.org\/ca\/nosaltres\/#breadcrumb"},"inLanguage":"ca","potentialAction":[{"@type":"ReadAction","target":["https:\/\/a-desk.org\/ca\/nosaltres\/"]}]},{"@type":"ImageObject","inLanguage":"ca","@id":"https:\/\/a-desk.org\/ca\/nosaltres\/#primaryimage","url":"https:\/\/a-desk.org\/wp-content\/uploads\/2017\/05\/a-desk-1.jpg","contentUrl":"https:\/\/a-desk.org\/wp-content\/uploads\/2017\/05\/a-desk-1.jpg","width":775,"height":358},{"@type":"BreadcrumbList","@id":"https:\/\/a-desk.org\/ca\/nosaltres\/#breadcrumb","itemListElement":[{"@type":"ListItem","position":1,"name":"Portada","item":"https:\/\/a-desk.org\/ca\/"},{"@type":"ListItem","position":2,"name":"Nosaltres"}]},{"@type":"WebSite","@id":"https:\/\/a-desk.org\/#website","url":"https:\/\/a-desk.org\/","name":"A*Desk","description":"A*Desk Critical Thinking","potentialAction":[{"@type":"SearchAction","target":{"@type":"EntryPoint","urlTemplate":"https:\/\/a-desk.org\/?s={search_term_string}"},"query-input":"required name=search_term_string"}],"inLanguage":"ca"}]}},"_links":{"self":[{"href":"https:\/\/a-desk.org\/ca\/wp-json\/wp\/v2\/pages\/14191"}],"collection":[{"href":"https:\/\/a-desk.org\/ca\/wp-json\/wp\/v2\/pages"}],"about":[{"href":"https:\/\/a-desk.org\/ca\/wp-json\/wp\/v2\/types\/page"}],"author":[{"embeddable":true,"href":"https:\/\/a-desk.org\/ca\/wp-json\/wp\/v2\/users\/1"}],"replies":[{"embeddable":true,"href":"https:\/\/a-desk.org\/ca\/wp-json\/wp\/v2\/comments?post=14191"}],"version-history":[{"count":41,"href":"https:\/\/a-desk.org\/ca\/wp-json\/wp\/v2\/pages\/14191\/revisions"}],"predecessor-version":[{"id":73698,"href":"https:\/\/a-desk.org\/ca\/wp-json\/wp\/v2\/pages\/14191\/revisions\/73698"}],"wp:featuredmedia":[{"embeddable":true,"href":"https:\/\/a-desk.org\/ca\/wp-json\/wp\/v2\/media\/17507"}],"wp:attachment":[{"href":"https:\/\/a-desk.org\/ca\/wp-json\/wp\/v2\/media?parent=14191"}],"wp:term":[{"taxonomy":"author","embeddable":true,"href":"https:\/\/a-desk.org\/ca\/wp-json\/wp\/v2\/coauthors?post=14191"}],"curies":[{"name":"wp","href":"https:\/\/api.w.org\/{rel}","templated":true}]}}