{"id":14193,"date":"2017-05-19T09:43:57","date_gmt":"2017-05-19T09:43:57","guid":{"rendered":"http:\/\/a-desk.org\/proyectos-formacion\/"},"modified":"2024-06-11T11:42:01","modified_gmt":"2024-06-11T09:42:01","slug":"projectes-i-formacio","status":"publish","type":"page","link":"https:\/\/a-desk.org\/ca\/projectes-i-formacio\/","title":{"rendered":"Projectes i formaci\u00f3"},"content":{"rendered":"<p><span class=\"HwtZe\" lang=\"ca\"><span class=\"jCAhz JxVs2d ChMk0b\"><span class=\"ryNqvb\">A m\u00e9s de les seves publicacions, A*DESK desenvolupa des de Barcelona diferents programes de formaci\u00f3 amb l&#8217;objectiu d&#8217;aprofundir les eines del pensament en art i cultura contemporanis.<\/span><\/span> <span class=\"jCAhz JxVs2d ChMk0b\"><span class=\"ryNqvb\">Tamb\u00e9 desenvolupa projectes en diferents \u00e0mbits: des de l&#8217;exploraci\u00f3 de l\u00ednies de comunicaci\u00f3 en art fins al replantejament dels formats d&#8217;exposici\u00f3 i presentaci\u00f3, passant per l&#8217;assessorament o les documentacions historiogr\u00e0fiques.<\/span><\/span><\/span><\/p>\n","protected":false},"excerpt":{"rendered":"<p>A m\u00e9s de les seves publicacions, A*DESK desenvolupa des de Barcelona diferents programes de formaci\u00f3 amb l&#8217;objectiu d&#8217;aprofundir les eines del pensament en art i cultura contemporanis. Tamb\u00e9 desenvolupa projectes&#8230;<\/p>\n","protected":false},"author":1,"featured_media":0,"parent":0,"menu_order":0,"comment_status":"closed","ping_status":"closed","template":"proyectos.php","meta":{"_relevanssi_hide_post":"","_relevanssi_hide_content":"","_relevanssi_pin_for_all":"","_relevanssi_pin_keywords":"","_relevanssi_unpin_keywords":"","_relevanssi_related_keywords":"","_relevanssi_related_include_ids":"","_relevanssi_related_exclude_ids":"","_relevanssi_related_no_append":"","_relevanssi_related_not_related":"","_relevanssi_related_posts":"","_relevanssi_noindex_reason":"","footnotes":""},"coauthors":[6365],"acf":[],"yoast_head":"<!-- This site is optimized with the Yoast SEO plugin v22.6 - https:\/\/yoast.com\/wordpress\/plugins\/seo\/ -->\n<title>Art Contemporani. Barcelona. Projectes i formaci\u00f3<\/title>\n<meta name=\"description\" content=\"Programes de formaci\u00f3 amb l&#039;objectiu d&#039;aprofundir les eines del pensament en art i cultura contemporanis. Art Contemporani. Barcelona\" \/>\n<meta name=\"robots\" content=\"index, follow, max-snippet:-1, max-image-preview:large, max-video-preview:-1\" \/>\n<link rel=\"canonical\" href=\"https:\/\/a-desk.org\/ca\/projectes-i-formacio\/\" \/>\n<meta property=\"og:locale\" content=\"ca_ES\" \/>\n<meta property=\"og:type\" content=\"article\" \/>\n<meta property=\"og:title\" content=\"Art Contemporani. Barcelona. Projectes i formaci\u00f3\" \/>\n<meta property=\"og:description\" content=\"Programes de formaci\u00f3 amb l&#039;objectiu d&#039;aprofundir les eines del pensament en art i cultura contemporanis. Art Contemporani. Barcelona\" \/>\n<meta property=\"og:url\" content=\"https:\/\/a-desk.org\/ca\/projectes-i-formacio\/\" \/>\n<meta property=\"og:site_name\" content=\"A*Desk\" \/>\n<meta property=\"article:modified_time\" content=\"2024-06-11T09:42:01+00:00\" \/>\n<meta property=\"og:image\" content=\"https:\/\/a-desk.org\/wp-content\/uploads\/2025\/09\/a-desk-critical-thinking.jpg\" \/>\n\t<meta property=\"og:image:width\" content=\"1200\" \/>\n\t<meta property=\"og:image:height\" content=\"675\" \/>\n\t<meta property=\"og:image:type\" content=\"image\/jpeg\" \/>\n<meta name=\"twitter:card\" content=\"summary_large_image\" \/>\n<meta name=\"twitter:label1\" content=\"Temps estimat de lectura\" \/>\n\t<meta name=\"twitter:data1\" content=\"1 minut\" \/>\n\t<meta name=\"twitter:label2\" content=\"Written by\" \/>\n\t<meta name=\"twitter:data2\" content=\"Telma Llos\" \/>\n<script type=\"application\/ld+json\" class=\"yoast-schema-graph\">{\"@context\":\"https:\/\/schema.org\",\"@graph\":[{\"@type\":\"WebPage\",\"@id\":\"https:\/\/a-desk.org\/ca\/projectes-i-formacio\/\",\"url\":\"https:\/\/a-desk.org\/ca\/projectes-i-formacio\/\",\"name\":\"Art Contemporani. Barcelona. Projectes i formaci\u00f3\",\"isPartOf\":{\"@id\":\"https:\/\/a-desk.org\/#website\"},\"datePublished\":\"2017-05-19T09:43:57+00:00\",\"dateModified\":\"2024-06-11T09:42:01+00:00\",\"description\":\"Programes de formaci\u00f3 amb l'objectiu d'aprofundir les eines del pensament en art i cultura contemporanis. Art Contemporani. Barcelona\",\"breadcrumb\":{\"@id\":\"https:\/\/a-desk.org\/ca\/projectes-i-formacio\/#breadcrumb\"},\"inLanguage\":\"ca\",\"potentialAction\":[{\"@type\":\"ReadAction\",\"target\":[\"https:\/\/a-desk.org\/ca\/projectes-i-formacio\/\"]}]},{\"@type\":\"BreadcrumbList\",\"@id\":\"https:\/\/a-desk.org\/ca\/projectes-i-formacio\/#breadcrumb\",\"itemListElement\":[{\"@type\":\"ListItem\",\"position\":1,\"name\":\"Portada\",\"item\":\"https:\/\/a-desk.org\/ca\/\"},{\"@type\":\"ListItem\",\"position\":2,\"name\":\"Projectes i formaci\u00f3\"}]},{\"@type\":\"WebSite\",\"@id\":\"https:\/\/a-desk.org\/#website\",\"url\":\"https:\/\/a-desk.org\/\",\"name\":\"A*Desk\",\"description\":\"A*Desk Critical Thinking\",\"potentialAction\":[{\"@type\":\"SearchAction\",\"target\":{\"@type\":\"EntryPoint\",\"urlTemplate\":\"https:\/\/a-desk.org\/?s={search_term_string}\"},\"query-input\":\"required name=search_term_string\"}],\"inLanguage\":\"ca\"}]}<\/script>\n<!-- \/ Yoast SEO plugin. -->","yoast_head_json":{"title":"Art Contemporani. Barcelona. Projectes i formaci\u00f3","description":"Programes de formaci\u00f3 amb l'objectiu d'aprofundir les eines del pensament en art i cultura contemporanis. Art Contemporani. Barcelona","robots":{"index":"index","follow":"follow","max-snippet":"max-snippet:-1","max-image-preview":"max-image-preview:large","max-video-preview":"max-video-preview:-1"},"canonical":"https:\/\/a-desk.org\/ca\/projectes-i-formacio\/","og_locale":"ca_ES","og_type":"article","og_title":"Art Contemporani. Barcelona. Projectes i formaci\u00f3","og_description":"Programes de formaci\u00f3 amb l'objectiu d'aprofundir les eines del pensament en art i cultura contemporanis. Art Contemporani. Barcelona","og_url":"https:\/\/a-desk.org\/ca\/projectes-i-formacio\/","og_site_name":"A*Desk","article_modified_time":"2024-06-11T09:42:01+00:00","og_image":[{"width":1200,"height":675,"url":"https:\/\/a-desk.org\/wp-content\/uploads\/2025\/09\/a-desk-critical-thinking.jpg","type":"image\/jpeg"}],"twitter_card":"summary_large_image","twitter_misc":{"Temps estimat de lectura":"1 minut","Written by":"Telma Llos"},"schema":{"@context":"https:\/\/schema.org","@graph":[{"@type":"WebPage","@id":"https:\/\/a-desk.org\/ca\/projectes-i-formacio\/","url":"https:\/\/a-desk.org\/ca\/projectes-i-formacio\/","name":"Art Contemporani. Barcelona. Projectes i formaci\u00f3","isPartOf":{"@id":"https:\/\/a-desk.org\/#website"},"datePublished":"2017-05-19T09:43:57+00:00","dateModified":"2024-06-11T09:42:01+00:00","description":"Programes de formaci\u00f3 amb l'objectiu d'aprofundir les eines del pensament en art i cultura contemporanis. Art Contemporani. Barcelona","breadcrumb":{"@id":"https:\/\/a-desk.org\/ca\/projectes-i-formacio\/#breadcrumb"},"inLanguage":"ca","potentialAction":[{"@type":"ReadAction","target":["https:\/\/a-desk.org\/ca\/projectes-i-formacio\/"]}]},{"@type":"BreadcrumbList","@id":"https:\/\/a-desk.org\/ca\/projectes-i-formacio\/#breadcrumb","itemListElement":[{"@type":"ListItem","position":1,"name":"Portada","item":"https:\/\/a-desk.org\/ca\/"},{"@type":"ListItem","position":2,"name":"Projectes i formaci\u00f3"}]},{"@type":"WebSite","@id":"https:\/\/a-desk.org\/#website","url":"https:\/\/a-desk.org\/","name":"A*Desk","description":"A*Desk Critical Thinking","potentialAction":[{"@type":"SearchAction","target":{"@type":"EntryPoint","urlTemplate":"https:\/\/a-desk.org\/?s={search_term_string}"},"query-input":"required name=search_term_string"}],"inLanguage":"ca"}]}},"_links":{"self":[{"href":"https:\/\/a-desk.org\/ca\/wp-json\/wp\/v2\/pages\/14193"}],"collection":[{"href":"https:\/\/a-desk.org\/ca\/wp-json\/wp\/v2\/pages"}],"about":[{"href":"https:\/\/a-desk.org\/ca\/wp-json\/wp\/v2\/types\/page"}],"author":[{"embeddable":true,"href":"https:\/\/a-desk.org\/ca\/wp-json\/wp\/v2\/users\/1"}],"replies":[{"embeddable":true,"href":"https:\/\/a-desk.org\/ca\/wp-json\/wp\/v2\/comments?post=14193"}],"version-history":[{"count":3,"href":"https:\/\/a-desk.org\/ca\/wp-json\/wp\/v2\/pages\/14193\/revisions"}],"predecessor-version":[{"id":56905,"href":"https:\/\/a-desk.org\/ca\/wp-json\/wp\/v2\/pages\/14193\/revisions\/56905"}],"wp:attachment":[{"href":"https:\/\/a-desk.org\/ca\/wp-json\/wp\/v2\/media?parent=14193"}],"wp:term":[{"taxonomy":"author","embeddable":true,"href":"https:\/\/a-desk.org\/ca\/wp-json\/wp\/v2\/coauthors?post=14193"}],"curies":[{"name":"wp","href":"https:\/\/api.w.org\/{rel}","templated":true}]}}